{"id":1576,"date":"2026-03-03T08:47:41","date_gmt":"2026-03-03T07:47:41","guid":{"rendered":"https:\/\/grill-battle.de\/?page_id=1576"},"modified":"2026-03-03T08:51:47","modified_gmt":"2026-03-03T07:51:47","slug":"tvg2026","status":"publish","type":"page","link":"https:\/\/grill-battle.de\/en\/tvg2026\/","title":{"rendered":"TVG2026"},"content":{"rendered":"\n<p>Willkommen zur Bewertung der <strong>Th\u00fcringer Vereins\u2011Grillmeisterschaft 2026<\/strong>! Sch\u00f6n, dass du dir die Zeit nimmst, die Teams mit deiner Stimme zu unterst\u00fctzen und damit ein St\u00fcck zur Stimmung und Fairness des Wettbewerbs beizutragen. Jede abgegebene Bewertung z\u00e4hlt \u2013 und macht die Meisterschaft ein St\u00fcck lebendiger.<\/p>\n\n\n\n<p>Als kleines Dankesch\u00f6n nimmst du mit deiner Teilnahme automatisch an der <strong>Verlosung eines TH\u00dcROS Grills<\/strong> w\u00e4hrend der Siegerehrung teil. Viel Freude beim Bewerten und viel Gl\u00fcck bei der Ziehung!<\/p>\n\n\n<div class=\"frm_forms  with_frm_style frm_style_tgb2025\" id=\"frm_form_11_container\" data-token=\"9b0f24ca2e3412304f34132c6d848236\">\n<form enctype=\"multipart\/form-data\" method=\"post\" class=\"frm-show-form  frm_js_validate  frm_pro_form  frm_slidein \" id=\"form_tvg2026\" data-token=\"9b0f24ca2e3412304f34132c6d848236\">\n<div class=\"frm_form_fields  frm_page_num_1\">\n<fieldset>\n<legend class=\"frm_screen_reader\">TVG2026<\/legend>\r\n\r\n<div class=\"frm_fields_container\">\n<input type=\"hidden\" name=\"frm_action\" value=\"create\" \/>\n<input type=\"hidden\" name=\"form_id\" value=\"11\" \/>\n<input type=\"hidden\" name=\"frm_hide_fields_11\" id=\"frm_hide_fields_11\" value=\"\" \/>\n<input type=\"hidden\" name=\"form_key\" value=\"tvg2026\" \/>\n<input type=\"hidden\" name=\"item_meta[0]\" value=\"\" \/>\n<input type=\"hidden\" id=\"frm_submit_entry_11\" name=\"frm_submit_entry_11\" value=\"d3dcee6c4b\" \/><input type=\"hidden\" name=\"_wp_http_referer\" value=\"\/en\/wp-json\/wp\/v2\/pages\/1576\" \/><div id=\"frm_field_127_container\" class=\"frm_form_field form-field  frm_required_field frm_top_container frm_image_options frm_image_size_small \">\r\n    <div  id=\"field_s8wc9_label\" class=\"frm_primary_label\">Welches Team m\u00f6chtest du bewerten?\r\n        <span class=\"frm_required\">*<\/span>\r\n    <\/div>\r\n    <div class=\"frm_opt_container\" aria-labelledby=\"field_s8wc9_label\" role=\"radiogroup\" aria-required=\"true\">\t<div class=\"frm_radio  frm_image_option frm_image_small\" id=\"frm_radio_127-2\"><label for=\"field_s8wc9-2\">\t<input type=\"radio\" name=\"item_meta[127]\" id=\"field_s8wc9-2\" value=\"F\u00f6rderverein Ortsteil Ufhoven\"\n\t data-reqmsg=\"Welches Team m\u00f6chtest du bewerten? kann nicht leer sein.\" data-invmsg=\"Welches Team m\u00f6chtest du bewerten? ist ung\u00fcltig\"    \t\/>\n\t <div class=\"frm_image_option_container frm_label_with_image\"><img decoding=\"async\" src=\"https:\/\/grill-battle.de\/wp-content\/uploads\/2026\/03\/user-free-150x150-1.webp\" alt=\"F\u00f6rderverein Ortsteil Ufhoven\" \/><span class=\"frm_text_label_for_image\"><span class=\"frm_text_label_for_image_inner\">F\u00f6rderverein Ortsteil Ufhoven<\/span><\/span><\/div><\/label>\t<\/div>\n\t<div class=\"frm_radio  frm_image_option frm_image_small\" id=\"frm_radio_127-3\"><label for=\"field_s8wc9-3\">\t<input type=\"radio\" name=\"item_meta[127]\" id=\"field_s8wc9-3\" value=\"Heimatverein Ufhoven e.V.\"\n\t data-reqmsg=\"Welches Team m\u00f6chtest du bewerten? kann nicht leer sein.\" data-invmsg=\"Welches Team m\u00f6chtest du bewerten? ist ung\u00fcltig\"    \t\/>\n\t <div class=\"frm_image_option_container frm_label_with_image\"><img decoding=\"async\" src=\"https:\/\/grill-battle.de\/wp-content\/uploads\/2026\/01\/Heimatverein_Ufhoven_Logo_2024_NEU.webp\" alt=\"Heimatverein Ufhoven e.V.\" \/><span class=\"frm_text_label_for_image\"><span class=\"frm_text_label_for_image_inner\">Heimatverein Ufhoven e.V.<\/span><\/span><\/div><\/label>\t<\/div>\n\t<div class=\"frm_radio  frm_image_option frm_image_small\" id=\"frm_radio_127-4\"><label for=\"field_s8wc9-4\">\t<input type=\"radio\" name=\"item_meta[127]\" id=\"field_s8wc9-4\" value=\"ICV -Illeber Carnevalsverein e.V.\"\n\t data-reqmsg=\"Welches Team m\u00f6chtest du bewerten? kann nicht leer sein.\" data-invmsg=\"Welches Team m\u00f6chtest du bewerten? ist ung\u00fcltig\"    \t\/>\n\t <div class=\"frm_image_option_container frm_label_with_image\"><img decoding=\"async\" src=\"https:\/\/grill-battle.de\/wp-content\/uploads\/2026\/03\/ICV_Logo_neu.webp\" alt=\"ICV -Illeber Carnevalsverein e.V.\" \/><span class=\"frm_text_label_for_image\"><span class=\"frm_text_label_for_image_inner\">ICV -Illeber Carnevalsverein e.V.<\/span><\/span><\/div><\/label>\t<\/div>\n\t<div class=\"frm_radio  frm_image_option frm_image_small\" id=\"frm_radio_127-9\"><label for=\"field_s8wc9-9\">\t<input type=\"radio\" name=\"item_meta[127]\" id=\"field_s8wc9-9\" value=\"Team Schlo\u00dfhof\"\n\t data-reqmsg=\"Welches Team m\u00f6chtest du bewerten? kann nicht leer sein.\" data-invmsg=\"Welches Team m\u00f6chtest du bewerten? ist ung\u00fcltig\"    \t\/>\n\t <div class=\"frm_image_option_container frm_label_with_image\"><img decoding=\"async\" src=\"https:\/\/grill-battle.de\/wp-content\/uploads\/2025\/09\/Schlosshof.webp\" alt=\"Team Schlo\u00dfhof\" \/><span class=\"frm_text_label_for_image\"><span class=\"frm_text_label_for_image_inner\">Team Schlo\u00dfhof<\/span><\/span><\/div><\/label>\t<\/div>\n\t<div class=\"frm_radio  frm_image_option frm_image_small\" id=\"frm_radio_127-8\"><label for=\"field_s8wc9-8\">\t<input type=\"radio\" name=\"item_meta[127]\" id=\"field_s8wc9-8\" value=\"Eichsfelder Glut\"\n\t data-reqmsg=\"Welches Team m\u00f6chtest du bewerten? kann nicht leer sein.\" data-invmsg=\"Welches Team m\u00f6chtest du bewerten? ist ung\u00fcltig\"    \t\/>\n\t <div class=\"frm_image_option_container frm_label_with_image\"><img decoding=\"async\" src=\"https:\/\/grill-battle.de\/wp-content\/uploads\/2025\/12\/IMG_2560.webp\" alt=\"Eichsfelder Glut\" \/><span class=\"frm_text_label_for_image\"><span class=\"frm_text_label_for_image_inner\">Eichsfelder Glut<\/span><\/span><\/div><\/label>\t<\/div>\n\t<div class=\"frm_radio  frm_image_option frm_image_small\" id=\"frm_radio_127-7\"><label for=\"field_s8wc9-7\">\t<input type=\"radio\" name=\"item_meta[127]\" id=\"field_s8wc9-7\" value=\"Freunde der Th\u00fcringer Bratwurst e.V.\"\n\t data-reqmsg=\"Welches Team m\u00f6chtest du bewerten? kann nicht leer sein.\" data-invmsg=\"Welches Team m\u00f6chtest du bewerten? ist ung\u00fcltig\"    \t\/>\n\t <div class=\"frm_image_option_container frm_label_with_image\"><img decoding=\"async\" src=\"https:\/\/grill-battle.de\/wp-content\/uploads\/2025\/12\/Verein-Freunde-Th-Bratwurst.webp\" alt=\"Freunde der Th\u00fcringer Bratwurst e.V.\" \/><span class=\"frm_text_label_for_image\"><span class=\"frm_text_label_for_image_inner\">Freunde der Th\u00fcringer Bratwurst e.V.<\/span><\/span><\/div><\/label>\t<\/div>\n\t<div class=\"frm_radio  frm_image_option frm_image_small\" id=\"frm_radio_127-6\"><label for=\"field_s8wc9-6\">\t<input type=\"radio\" name=\"item_meta[127]\" id=\"field_s8wc9-6\" value=\"Tast &amp; Talk\"\n\t data-reqmsg=\"Welches Team m\u00f6chtest du bewerten? kann nicht leer sein.\" data-invmsg=\"Welches Team m\u00f6chtest du bewerten? ist ung\u00fcltig\"    \t\/>\n\t <div class=\"frm_image_option_container frm_label_with_image\"><img decoding=\"async\" src=\"https:\/\/grill-battle.de\/wp-content\/uploads\/2026\/03\/tasteandtalk.webp\" alt=\"Tast &amp; Talk\" \/><span class=\"frm_text_label_for_image\"><span class=\"frm_text_label_for_image_inner\">Tast &amp; Talk<\/span><\/span><\/div><\/label>\t<\/div>\n\t<div class=\"frm_radio  frm_image_option frm_image_small\" id=\"frm_radio_127-5\"><label for=\"field_s8wc9-5\">\t<input type=\"radio\" name=\"item_meta[127]\" id=\"field_s8wc9-5\" value=\"ensyte GmbH\"\n\t data-reqmsg=\"Welches Team m\u00f6chtest du bewerten? kann nicht leer sein.\" data-invmsg=\"Welches Team m\u00f6chtest du bewerten? ist ung\u00fcltig\"    \t\/>\n\t <div class=\"frm_image_option_container frm_label_with_image\"><img decoding=\"async\" src=\"https:\/\/grill-battle.de\/wp-content\/uploads\/2026\/03\/01-ensyte-positiv-RGB-scaled-1.webp\" alt=\"ensyte GmbH\" \/><span class=\"frm_text_label_for_image\"><span class=\"frm_text_label_for_image_inner\">ensyte GmbH<\/span><\/span><\/div><\/label>\t<\/div>\n<\/div>\r\n    \r\n    \r\n<\/div>\n<input type=\"hidden\" name=\"frm_page_order_11\" id=\"frm_page_order_11\" value=\"4\" \/>\t\t<input  type=\"hidden\" name=\"item_meta[129]\" id=\"field_5qzxt2-0\" value=\"\"     \/>\n\t\t\t\t<input  type=\"hidden\" name=\"item_meta[130]\" id=\"field_809fh2\" value=\"\"     \/>\n\t\t\t\t<input  type=\"hidden\" name=\"item_meta[131]\" id=\"field_vwgrt2-0\" value=\"\"     \/>\n\t\t\t\t<input  type=\"hidden\" name=\"item_meta[132]\" id=\"field_flx5j2-0\" value=\"\"     \/>\n\t\t\t\t<input  type=\"hidden\" name=\"item_meta[133]\" id=\"field_hpu1z2-0\" value=\"\"     \/>\n\t\t\t\t<input  type=\"hidden\" name=\"item_meta[134]\" id=\"field_v4z9e2-0\" value=\"\"     \/>\n\t\t\t\t<input  type=\"hidden\" name=\"item_meta[135]\" id=\"field_y06sj2\" value=\"\"     \/>\n\t\t\t\t<input  type=\"hidden\" name=\"item_meta[136]\" id=\"field_6umrr2\" value=\"\"     \/>\n\t\t\t\t<input  type=\"hidden\" name=\"item_meta[137]\" id=\"field_1oa532\" value=\"\"     \/>\n\t\t\t\t<input  type=\"hidden\" name=\"item_meta[138]\" id=\"field_z80ry2\" value=\"\"     \/>\n\t\t\t\t<input  type=\"hidden\" name=\"item_meta[139]\" id=\"field_89xtl2\" value=\"\"     \/>\n\t\t\t<input type=\"hidden\" name=\"item_key\" value=\"\" \/>\n\t\t\t<div id=\"frm_field_140_container\">\n\t\t\t<label for=\"field_rbvwn\" >\n\t\t\t\tIf you are human, leave this field blank.\t\t\t<\/label>\n\t\t\t<input  id=\"field_rbvwn\" type=\"text\" class=\"frm_form_field form-field frm_verify\" name=\"item_meta[140]\" value=\"\"  \/>\n\t\t<\/div>\n\t\t<input name=\"frm_state\" type=\"hidden\" value=\"C95TE9BYJgbuYB\/dUwjTb12D\/SgAuuk9p5mjSl\/YCLQZJaX562V\/czfEe9qt9X\/X\" \/><div class=\"frm_submit\">\r\n\r\n<button class=\"frm_button_submit\" type=\"submit\" >weiter<\/button>\r\n\r\n<\/div><\/div>\n<\/fieldset>\n<\/div>\n\n<\/form>\n<\/div>\n","protected":false},"excerpt":{"rendered":"<p>Willkommen zur Bewertung der Th\u00fcringer Vereins\u2011Grillmeisterschaft 2026! Sch\u00f6n, dass du dir die Zeit nimmst, die Teams mit deiner Stimme zu unterst\u00fctzen und damit ein St\u00fcck zur Stimmung und Fairness des Wettbewerbs beizutragen. Jede abgegebene Bewertung z\u00e4hlt \u2013 und macht die Meisterschaft ein St\u00fcck lebendiger. Als kleines Dankesch\u00f6n nimmst du mit deiner Teilnahme automatisch an der&hellip;&nbsp;<a href=\"https:\/\/grill-battle.de\/en\/tvg2026\/\" rel=\"bookmark\">Read More &raquo;<span class=\"screen-reader-text\">TVG2026<\/span><\/a><\/p>","protected":false},"author":1,"featured_media":0,"parent":0,"menu_order":0,"comment_status":"closed","ping_status":"closed","template":"","meta":{"neve_meta_sidebar":"","neve_meta_container":"","neve_meta_enable_content_width":"","neve_meta_content_width":0,"neve_meta_title_alignment":"","neve_meta_author_avatar":"","neve_post_elements_order":"","neve_meta_disable_header":"","neve_meta_disable_footer":"","neve_meta_disable_title":"","_themeisle_gutenberg_block_has_review":false,"footnotes":""},"class_list":["post-1576","page","type-page","status-publish","hentry"],"yoast_head":"<!-- This site is optimized with the Yoast SEO plugin v27.4 - https:\/\/yoast.com\/product\/yoast-seo-wordpress\/ -->\n<title>TVG2026 - Th\u00fcringer Grill Battle<\/title>\n<meta name=\"robots\" content=\"index, follow, max-snippet:-1, max-image-preview:large, max-video-preview:-1\" \/>\n<link rel=\"canonical\" href=\"https:\/\/grill-battle.de\/en\/tvg2026\/\" \/>\n<meta property=\"og:locale\" content=\"en_US\" \/>\n<meta property=\"og:type\" content=\"article\" \/>\n<meta property=\"og:title\" content=\"TVG2026 - Th\u00fcringer Grill Battle\" \/>\n<meta property=\"og:description\" content=\"Willkommen zur Bewertung der Th\u00fcringer Vereins\u2011Grillmeisterschaft 2026! Sch\u00f6n, dass du dir die Zeit nimmst, die Teams mit deiner Stimme zu unterst\u00fctzen und damit ein St\u00fcck zur Stimmung und Fairness des Wettbewerbs beizutragen. Jede abgegebene Bewertung z\u00e4hlt \u2013 und macht die Meisterschaft ein St\u00fcck lebendiger. Als kleines Dankesch\u00f6n nimmst du mit deiner Teilnahme automatisch an der&hellip;&nbsp;Read More &raquo;TVG2026\" \/>\n<meta property=\"og:url\" content=\"https:\/\/grill-battle.de\/en\/tvg2026\/\" \/>\n<meta property=\"og:site_name\" content=\"Th\u00fcringer Grill Battle\" \/>\n<meta property=\"article:modified_time\" content=\"2026-03-03T07:51:47+00:00\" \/>\n<meta property=\"og:image\" content=\"https:\/\/grill-battle.de\/wp-content\/uploads\/2023\/01\/grill-battel.png\" \/>\n\t<meta property=\"og:image:width\" content=\"3033\" \/>\n\t<meta property=\"og:image:height\" content=\"1412\" \/>\n\t<meta property=\"og:image:type\" content=\"image\/png\" \/>\n<meta name=\"twitter:card\" content=\"summary_large_image\" \/>\n<meta name=\"twitter:label1\" content=\"Est. reading time\" \/>\n\t<meta name=\"twitter:data1\" content=\"1 minute\" \/>\n<script type=\"application\/ld+json\" class=\"yoast-schema-graph\">{\"@context\":\"https:\\\/\\\/schema.org\",\"@graph\":[{\"@type\":\"WebPage\",\"@id\":\"https:\\\/\\\/grill-battle.de\\\/tvg2026\\\/\",\"url\":\"https:\\\/\\\/grill-battle.de\\\/tvg2026\\\/\",\"name\":\"TVG2026 - Th\u00fcringer Grill Battle\",\"isPartOf\":{\"@id\":\"https:\\\/\\\/grill-battle.de\\\/#website\"},\"datePublished\":\"2026-03-03T07:47:41+00:00\",\"dateModified\":\"2026-03-03T07:51:47+00:00\",\"breadcrumb\":{\"@id\":\"https:\\\/\\\/grill-battle.de\\\/tvg2026\\\/#breadcrumb\"},\"inLanguage\":\"en-US\",\"potentialAction\":[{\"@type\":\"ReadAction\",\"target\":[\"https:\\\/\\\/grill-battle.de\\\/tvg2026\\\/\"]}]},{\"@type\":\"BreadcrumbList\",\"@id\":\"https:\\\/\\\/grill-battle.de\\\/tvg2026\\\/#breadcrumb\",\"itemListElement\":[{\"@type\":\"ListItem\",\"position\":1,\"name\":\"Startseite\",\"item\":\"https:\\\/\\\/grill-battle.de\\\/\"},{\"@type\":\"ListItem\",\"position\":2,\"name\":\"TVG2026\"}]},{\"@type\":\"WebSite\",\"@id\":\"https:\\\/\\\/grill-battle.de\\\/#website\",\"url\":\"https:\\\/\\\/grill-battle.de\\\/\",\"name\":\"Th\u00fcringer Grill Battle\",\"description\":\"TGB2026\",\"publisher\":{\"@id\":\"https:\\\/\\\/grill-battle.de\\\/#organization\"},\"potentialAction\":[{\"@type\":\"SearchAction\",\"target\":{\"@type\":\"EntryPoint\",\"urlTemplate\":\"https:\\\/\\\/grill-battle.de\\\/?s={search_term_string}\"},\"query-input\":{\"@type\":\"PropertyValueSpecification\",\"valueRequired\":true,\"valueName\":\"search_term_string\"}}],\"inLanguage\":\"en-US\"},{\"@type\":\"Organization\",\"@id\":\"https:\\\/\\\/grill-battle.de\\\/#organization\",\"name\":\"Th\u00fcringer Grill Battle\",\"url\":\"https:\\\/\\\/grill-battle.de\\\/\",\"logo\":{\"@type\":\"ImageObject\",\"inLanguage\":\"en-US\",\"@id\":\"https:\\\/\\\/grill-battle.de\\\/#\\\/schema\\\/logo\\\/image\\\/\",\"url\":\"https:\\\/\\\/grill-battle.de\\\/wp-content\\\/uploads\\\/2023\\\/01\\\/grill-battel.png\",\"contentUrl\":\"https:\\\/\\\/grill-battle.de\\\/wp-content\\\/uploads\\\/2023\\\/01\\\/grill-battel.png\",\"width\":3033,\"height\":1412,\"caption\":\"Th\u00fcringer Grill Battle\"},\"image\":{\"@id\":\"https:\\\/\\\/grill-battle.de\\\/#\\\/schema\\\/logo\\\/image\\\/\"}}]}<\/script>\n<!-- \/ Yoast SEO plugin. -->","yoast_head_json":{"title":"TVG2026 - Th\u00fcringer Grill Battle","robots":{"index":"index","follow":"follow","max-snippet":"max-snippet:-1","max-image-preview":"max-image-preview:large","max-video-preview":"max-video-preview:-1"},"canonical":"https:\/\/grill-battle.de\/en\/tvg2026\/","og_locale":"en_US","og_type":"article","og_title":"TVG2026 - Th\u00fcringer Grill Battle","og_description":"Willkommen zur Bewertung der Th\u00fcringer Vereins\u2011Grillmeisterschaft 2026! Sch\u00f6n, dass du dir die Zeit nimmst, die Teams mit deiner Stimme zu unterst\u00fctzen und damit ein St\u00fcck zur Stimmung und Fairness des Wettbewerbs beizutragen. Jede abgegebene Bewertung z\u00e4hlt \u2013 und macht die Meisterschaft ein St\u00fcck lebendiger. Als kleines Dankesch\u00f6n nimmst du mit deiner Teilnahme automatisch an der&hellip;&nbsp;Read More &raquo;TVG2026","og_url":"https:\/\/grill-battle.de\/en\/tvg2026\/","og_site_name":"Th\u00fcringer Grill Battle","article_modified_time":"2026-03-03T07:51:47+00:00","og_image":[{"width":3033,"height":1412,"url":"https:\/\/grill-battle.de\/wp-content\/uploads\/2023\/01\/grill-battel.png","type":"image\/png"}],"twitter_card":"summary_large_image","twitter_misc":{"Est. reading time":"1 minute"},"schema":{"@context":"https:\/\/schema.org","@graph":[{"@type":"WebPage","@id":"https:\/\/grill-battle.de\/tvg2026\/","url":"https:\/\/grill-battle.de\/tvg2026\/","name":"TVG2026 - Th\u00fcringer Grill Battle","isPartOf":{"@id":"https:\/\/grill-battle.de\/#website"},"datePublished":"2026-03-03T07:47:41+00:00","dateModified":"2026-03-03T07:51:47+00:00","breadcrumb":{"@id":"https:\/\/grill-battle.de\/tvg2026\/#breadcrumb"},"inLanguage":"en-US","potentialAction":[{"@type":"ReadAction","target":["https:\/\/grill-battle.de\/tvg2026\/"]}]},{"@type":"BreadcrumbList","@id":"https:\/\/grill-battle.de\/tvg2026\/#breadcrumb","itemListElement":[{"@type":"ListItem","position":1,"name":"Startseite","item":"https:\/\/grill-battle.de\/"},{"@type":"ListItem","position":2,"name":"TVG2026"}]},{"@type":"WebSite","@id":"https:\/\/grill-battle.de\/#website","url":"https:\/\/grill-battle.de\/","name":"Th\u00fcringer Grill Battle","description":"TGB2026","publisher":{"@id":"https:\/\/grill-battle.de\/#organization"},"potentialAction":[{"@type":"SearchAction","target":{"@type":"EntryPoint","urlTemplate":"https:\/\/grill-battle.de\/?s={search_term_string}"},"query-input":{"@type":"PropertyValueSpecification","valueRequired":true,"valueName":"search_term_string"}}],"inLanguage":"en-US"},{"@type":"Organization","@id":"https:\/\/grill-battle.de\/#organization","name":"Th\u00fcringer Grill Battle","url":"https:\/\/grill-battle.de\/","logo":{"@type":"ImageObject","inLanguage":"en-US","@id":"https:\/\/grill-battle.de\/#\/schema\/logo\/image\/","url":"https:\/\/grill-battle.de\/wp-content\/uploads\/2023\/01\/grill-battel.png","contentUrl":"https:\/\/grill-battle.de\/wp-content\/uploads\/2023\/01\/grill-battel.png","width":3033,"height":1412,"caption":"Th\u00fcringer Grill Battle"},"image":{"@id":"https:\/\/grill-battle.de\/#\/schema\/logo\/image\/"}}]}},"_links":{"self":[{"href":"https:\/\/grill-battle.de\/en\/wp-json\/wp\/v2\/pages\/1576","targetHints":{"allow":["GET"]}}],"collection":[{"href":"https:\/\/grill-battle.de\/en\/wp-json\/wp\/v2\/pages"}],"about":[{"href":"https:\/\/grill-battle.de\/en\/wp-json\/wp\/v2\/types\/page"}],"author":[{"embeddable":true,"href":"https:\/\/grill-battle.de\/en\/wp-json\/wp\/v2\/users\/1"}],"replies":[{"embeddable":true,"href":"https:\/\/grill-battle.de\/en\/wp-json\/wp\/v2\/comments?post=1576"}],"version-history":[{"count":2,"href":"https:\/\/grill-battle.de\/en\/wp-json\/wp\/v2\/pages\/1576\/revisions"}],"predecessor-version":[{"id":1579,"href":"https:\/\/grill-battle.de\/en\/wp-json\/wp\/v2\/pages\/1576\/revisions\/1579"}],"wp:attachment":[{"href":"https:\/\/grill-battle.de\/en\/wp-json\/wp\/v2\/media?parent=1576"}],"curies":[{"name":"wp","href":"https:\/\/api.w.org\/{rel}","templated":true}]}}